{"id":11696,"date":"2026-01-27T14:31:09","date_gmt":"2026-01-27T14:31:09","guid":{"rendered":"https:\/\/grainedafriqueplus.com\/?page_id=11696"},"modified":"2026-01-27T15:56:23","modified_gmt":"2026-01-27T15:56:23","slug":"%f0%9f%8c%b1-graine-dafrique-plus","status":"publish","type":"page","link":"https:\/\/grainedafriqueplus.com\/en\/%f0%9f%8c%b1-graine-dafrique-plus\/","title":{"rendered":"\ud83c\udf31 Graine d\u2019Afrique Plus"},"content":{"rendered":"<div data-elementor-type=\"wp-page\" data-elementor-id=\"11696\" class=\"elementor elementor-11696\">\n\t\t\t\t<div class=\"elementor-element elementor-element-a1b06e4 e-flex e-con-boxed e-con e-parent\" data-id=\"a1b06e4\" data-element_type=\"container\">\n\t\t\t\t\t<div class=\"e-con-inner\">\n\t\t\t\t<div class=\"elementor-element elementor-element-31d43118 elementor-widget elementor-widget-text-editor\" data-id=\"31d43118\" data-element_type=\"widget\" data-widget_type=\"text-editor.default\">\n\t\t\t\t\t\t\t\t\t<h4 style=\"text-align: justify;\"><\/h4>\n<h6 class=\"wp-block-heading\" style=\"text-align: justify;\">\u00a0<\/h6>\n<h6 style=\"text-align: justify;\"><\/h6>\n<h6 style=\"text-align: justify;\"><strong>Graine d\u2019Afrique Plus<\/strong> est une entreprise engag\u00e9e dans la <strong>valorisation des produits alimentaires africains<\/strong> et la <strong>lutte contre la malnutrition<\/strong> \u00e0 travers des solutions nutritionnelles locales, naturelles et accessibles.<\/h6>\n<h6 style=\"text-align: justify;\"><\/h6>\n<h6 style=\"text-align: justify;\">Nous croyons qu\u2019une <strong>bonne alimentation est la base d\u2019une croissance saine<\/strong>, d\u2019une bonne sant\u00e9 et d\u2019un avenir meilleur, surtout pour les enfants et les familles africaines.<\/h6>\n<h6 style=\"text-align: justify;\"><\/h6>\n<hr class=\"wp-block-separator has-alpha-channel-opacity\" \/>\n<h6 style=\"text-align: justify;\"><\/h6>\n<h6 class=\"wp-block-heading\" style=\"text-align: justify;\">\ud83c\udfaf Notre mission<\/h6>\n<h6 style=\"text-align: justify;\"><\/h6>\n<h6 style=\"text-align: justify;\">Contribuer \u00e0 l\u2019am\u00e9lioration de la nutrition en Afrique en proposant des <strong>produits enrichis, s\u00fbrs et de qualit\u00e9<\/strong>, fabriqu\u00e9s \u00e0 partir de <strong>mati\u00e8res premi\u00e8res locales<\/strong>, tout en soutenant l\u2019\u00e9conomie locale.<\/h6>\n<h6 style=\"text-align: justify;\"><\/h6>\n<hr class=\"wp-block-separator has-alpha-channel-opacity\" \/>\n<h6 style=\"text-align: justify;\"><\/h6>\n<h6 class=\"wp-block-heading\" style=\"text-align: justify;\">\ud83c\udf3e Nos produits phares<\/h6>\n<h6 style=\"text-align: justify;\"><\/h6>\n<h6 class=\"wp-block-heading\" style=\"text-align: justify;\">\ud83e\udd63 Granoplus Farine enrichie<\/h6>\n<h6 style=\"text-align: justify;\"><\/h6>\n<h6 style=\"text-align: justify;\">Un m\u00e9lange nutritif \u00e0 base de :<\/h6>\n<h6 style=\"text-align: justify;\"><\/h6>\n<ul class=\"wp-block-list\" style=\"text-align: justify;\">\n<li>\n<h6>Petit mil<\/h6>\n<\/li>\n\n<li>\n<h6>Arachide<\/h6>\n<\/li>\n\n<li>\n<h6>S\u00e9same<\/h6>\n<\/li>\n\n<li>\n<h6>Ni\u00e9b\u00e9<\/h6>\n<\/li>\n\n<li>\n<h6>Pain de singe<\/h6>\n<\/li>\n\n<li>\n<h6>Noix de coco<\/h6>\n<\/li>\n\n<li>\n<h6>Sucre (en quantit\u00e9 contr\u00f4l\u00e9e)<\/h6>\n<\/li>\n<\/ul>\n<h6 style=\"text-align: justify;\"><\/h6>\n<h6 style=\"text-align: justify;\">\ud83d\udc49 <strong>Facile \u00e0 pr\u00e9parer, savoureuse et adapt\u00e9e \u00e0 toute la famille.<\/strong><\/h6>\n<h6 style=\"text-align: justify;\"><\/h6>\n<hr class=\"wp-block-separator has-alpha-channel-opacity\" \/>\n<h6 style=\"text-align: justify;\"><\/h6>\n<h6 class=\"wp-block-heading\" style=\"text-align: justify;\">\ud83d\udc68\u200d\ud83d\udc69\u200d\ud83d\udc67\u200d\ud83d\udc66 \u00c0 qui s\u2019adresse Granoplus ?<\/h6>\n<h6 style=\"text-align: justify;\"><\/h6>\n<h6 style=\"text-align: justify;\">\u2714 Enfants \u00e0 partir de 6 mois (en compl\u00e9ment du lait maternel)<br \/>\u2714 Adultes et personnes \u00e2g\u00e9es<br \/>\u2714 Familles<br \/>\u2714 Structures sociales, ONG, centres de sant\u00e9<\/h6>\n<h6 style=\"text-align: justify;\"><\/h6>\n<hr class=\"wp-block-separator has-alpha-channel-opacity\" \/>\n<h6 style=\"text-align: justify;\"><\/h6>\n<h6 class=\"wp-block-heading\" style=\"text-align: justify;\">\ud83d\udc9a Nos engagements<\/h6>\n<h6 style=\"text-align: justify;\"><\/h6>\n<ul class=\"wp-block-list\" style=\"text-align: justify;\">\n<li>\n<h6>\u2714 Produits <strong>fabriqu\u00e9s localement<\/strong><\/h6>\n<\/li>\n\n<li>\n<h6>\u2714 Ingr\u00e9dients <strong>naturels et soigneusement s\u00e9lectionn\u00e9s<\/strong><\/h6>\n<\/li>\n\n<li>\n<h6>\u2714 Respect des normes d\u2019hygi\u00e8ne et de qualit\u00e9<\/h6>\n<\/li>\n\n<li>\n<h6>\u2714 Contribution \u00e0 la <strong>pr\u00e9vention de la malnutrition et de la d\u00e9nutrition<\/strong><\/h6>\n<\/li>\n\n<li>\n<h6>\u2714 Promotion du <strong>savoir-faire africain<\/strong><\/h6>\n<\/li>\n<\/ul>\n<h6 style=\"text-align: justify;\"><\/h6>\n<hr class=\"wp-block-separator has-alpha-channel-opacity\" \/>\n<h6 style=\"text-align: justify;\"><\/h6>\n<h6 class=\"wp-block-heading\" style=\"text-align: justify;\">\ud83e\udde0 Pourquoi choisir Graine d\u2019Afrique Plus ?<\/h6>\n<h6 style=\"text-align: justify;\"><\/h6>\n<h6 style=\"text-align: justify;\">Parce que nous ne vendons pas seulement un produit,<br \/>\ud83d\udc49 <strong>nous apportons une solution nutritionnelle durable<\/strong>, pens\u00e9e pour les r\u00e9alit\u00e9s africaines.<\/h6>\n<h6 style=\"text-align: justify;\"><\/h6>\n<hr class=\"wp-block-separator has-alpha-channel-opacity\" \/>\n<h6 style=\"text-align: justify;\"><\/h6>\n<h6 class=\"wp-block-heading\" style=\"text-align: justify;\">\ud83c\udf0d Origine<\/h6>\n<h6 style=\"text-align: justify;\"><\/h6>\n<h6 style=\"text-align: justify;\">\ud83d\udccd <strong>Produit au Burkina Faso<\/strong><br \/>Par <strong>Graine d\u2019Afrique Plus<\/strong><\/h6>\n<h6 style=\"text-align: justify;\"><\/h6>\n<hr class=\"wp-block-separator has-alpha-channel-opacity\" \/>\n<h6 style=\"text-align: justify;\"><\/h6>\n<h6 class=\"wp-block-heading\" style=\"text-align: justify;\">\ud83e\udd1d Notre vision<\/h6>\n<h6 style=\"text-align: justify;\"><\/h6>\n<h6 style=\"text-align: justify;\">Devenir une <strong>r\u00e9f\u00e9rence africaine<\/strong> dans la transformation et la distribution de produits alimentaires enrichis, au service de la sant\u00e9 et du bien-\u00eatre des populations.<\/h6>\n<h6 style=\"text-align: justify;\"><\/h6>\n<h6 style=\"text-align: justify;\">\u00a0<\/h6>\n<h4 style=\"text-align: justify;\"><\/h4>\t\t\t\t\t\t\t\t<\/div>\n\t\t\t\t\t<\/div>\n\t\t\t\t<\/div>\n\t\t\t\t<\/div>","protected":false},"excerpt":{"rendered":"<p>\u00a0 Graine d\u2019Afrique Plus est une entreprise engag\u00e9e dans la valorisation des produits alimentaires africains et la lutte contre la malnutrition \u00e0 travers des solutions nutritionnelles locales, naturelles et accessibles. Nous croyons qu\u2019une bonne alimentation est la base d\u2019une croissance saine, d\u2019une bonne sant\u00e9 et d\u2019un avenir meilleur, surtout pour les enfants et les familles [&hellip;]<\/p>","protected":false},"author":1,"featured_media":0,"parent":0,"menu_order":0,"comment_status":"closed","ping_status":"closed","template":"","meta":{"footnotes":""},"class_list":["post-11696","page","type-page","status-publish","hentry"],"_links":{"self":[{"href":"https:\/\/grainedafriqueplus.com\/en\/wp-json\/wp\/v2\/pages\/11696","targetHints":{"allow":["GET"]}}],"collection":[{"href":"https:\/\/grainedafriqueplus.com\/en\/wp-json\/wp\/v2\/pages"}],"about":[{"href":"https:\/\/grainedafriqueplus.com\/en\/wp-json\/wp\/v2\/types\/page"}],"author":[{"embeddable":true,"href":"https:\/\/grainedafriqueplus.com\/en\/wp-json\/wp\/v2\/users\/1"}],"replies":[{"embeddable":true,"href":"https:\/\/grainedafriqueplus.com\/en\/wp-json\/wp\/v2\/comments?post=11696"}],"version-history":[{"count":5,"href":"https:\/\/grainedafriqueplus.com\/en\/wp-json\/wp\/v2\/pages\/11696\/revisions"}],"predecessor-version":[{"id":11727,"href":"https:\/\/grainedafriqueplus.com\/en\/wp-json\/wp\/v2\/pages\/11696\/revisions\/11727"}],"wp:attachment":[{"href":"https:\/\/grainedafriqueplus.com\/en\/wp-json\/wp\/v2\/media?parent=11696"}],"curies":[{"name":"wp","href":"https:\/\/api.w.org\/{rel}","templated":true}]}}