{"id":11677,"date":"2026-01-27T13:58:35","date_gmt":"2026-01-27T13:58:35","guid":{"rendered":"https:\/\/grainedafriqueplus.com\/?post_type=product&#038;p=11677"},"modified":"2026-01-27T13:58:35","modified_gmt":"2026-01-27T13:58:35","slug":"granoplus","status":"publish","type":"product","link":"https:\/\/grainedafriqueplus.com\/en\/product\/granoplus\/","title":{"rendered":"granoplus"},"content":{"rendered":"<p data-path-to-node=\"5\">La farine infantile\u00a0<b data-path-to-node=\"5\" data-index-in-node=\"20\">Granoplus<\/b>\u00a0est sp\u00e9cialement formul\u00e9e pour accompagner la croissance de votre b\u00e9b\u00e9 d\u00e8s 6 mois. Fabriqu\u00e9e au\u00a0<b data-path-to-node=\"5\" data-index-in-node=\"126\">Burkina Faso<\/b>\u00a0par Graine d\u2019Afrique Plus, elle utilise des ingr\u00e9dients locaux soigneusement s\u00e9lectionn\u00e9s pour leur richesse nutritionnelle.<\/p>\n<ul data-path-to-node=\"6\">\n<li>\n<p data-path-to-node=\"6,0,0\"><b data-path-to-node=\"6,0,0\" data-index-in-node=\"0\">Poids net :<\/b>\u00a0500g<\/p>\n<\/li>\n<li>\n<p data-path-to-node=\"6,1,0\"><b data-path-to-node=\"6,1,0\" data-index-in-node=\"0\">\u00c2ge :<\/b>\u00a0D\u00e8s 6 mois et plus<\/p>\n<\/li>\n<li>\n<p data-path-to-node=\"6,2,0\"><b data-path-to-node=\"6,2,0\" data-index-in-node=\"0\">Points forts :<\/b>\u00a0100% naturel, riche en prot\u00e9ines v\u00e9g\u00e9tales, source de fibres, saveur douce.<\/p>\n<\/li>\n<\/ul>","protected":false},"excerpt":{"rendered":"<div class=\"e-n-accordion-item-title-text\">Ingr\u00e9dients<\/div>\n<div class=\"elementor-element elementor-element-f99ef7b e-con-full e-flex e-con e-child\" role=\"region\" aria-labelledby=\"e-n-accordion-item-1860\" data-id=\"f99ef7b\" data-element_type=\"container\">\n<div class=\"elementor-element elementor-element-cc5b4c1 elementor-widget elementor-widget-text-editor\" data-id=\"cc5b4c1\" data-element_type=\"widget\" data-widget_type=\"text-editor.default\">\n<h2 data-start=\"83\" data-end=\"101\"><\/h2>\n<ul data-start=\"102\" data-end=\"194\">\n<li data-start=\"102\" data-end=\"115\">\n<p data-start=\"104\" data-end=\"115\">Petit mil<\/p>\n<\/li>\n<li data-start=\"116\" data-end=\"128\">\n<p data-start=\"118\" data-end=\"128\">Arachide<\/p>\n<\/li>\n<li data-start=\"129\" data-end=\"139\">\n<p data-start=\"131\" data-end=\"139\">S\u00e9same<\/p>\n<\/li>\n<li data-start=\"140\" data-end=\"149\">\n<p data-start=\"142\" data-end=\"149\">Ni\u00e9b\u00e9<\/p>\n<\/li>\n<li data-start=\"150\" data-end=\"167\">\n<p data-start=\"152\" data-end=\"167\">Pain de singe<\/p>\n<\/li>\n<li data-start=\"168\" data-end=\"184\">\n<p data-start=\"170\" data-end=\"184\">Noix de coco<\/p>\n<\/li>\n<li data-start=\"185\" data-end=\"194\">\n<p data-start=\"187\" data-end=\"194\">Sucre<\/p>\n<\/li>\n<\/ul>\n<\/div>\n<\/div>","protected":false},"featured_media":11587,"comment_status":"open","ping_status":"closed","template":"","meta":[],"product_brand":[],"product_cat":[82],"product_tag":[],"class_list":{"0":"post-11677","1":"product","2":"type-product","3":"status-publish","4":"has-post-thumbnail","6":"product_cat-graine-dafrique","8":"first","9":"instock","10":"sale","11":"shipping-taxable","12":"purchasable","13":"product-type-simple"},"_links":{"self":[{"href":"https:\/\/grainedafriqueplus.com\/en\/wp-json\/wp\/v2\/product\/11677","targetHints":{"allow":["GET"]}}],"collection":[{"href":"https:\/\/grainedafriqueplus.com\/en\/wp-json\/wp\/v2\/product"}],"about":[{"href":"https:\/\/grainedafriqueplus.com\/en\/wp-json\/wp\/v2\/types\/product"}],"replies":[{"embeddable":true,"href":"https:\/\/grainedafriqueplus.com\/en\/wp-json\/wp\/v2\/comments?post=11677"}],"wp:featuredmedia":[{"embeddable":true,"href":"https:\/\/grainedafriqueplus.com\/en\/wp-json\/wp\/v2\/media\/11587"}],"wp:attachment":[{"href":"https:\/\/grainedafriqueplus.com\/en\/wp-json\/wp\/v2\/media?parent=11677"}],"wp:term":[{"taxonomy":"product_brand","embeddable":true,"href":"https:\/\/grainedafriqueplus.com\/en\/wp-json\/wp\/v2\/product_brand?post=11677"},{"taxonomy":"product_cat","embeddable":true,"href":"https:\/\/grainedafriqueplus.com\/en\/wp-json\/wp\/v2\/product_cat?post=11677"},{"taxonomy":"product_tag","embeddable":true,"href":"https:\/\/grainedafriqueplus.com\/en\/wp-json\/wp\/v2\/product_tag?post=11677"}],"curies":[{"name":"wp","href":"https:\/\/api.w.org\/{rel}","templated":true}]}}